{"id":6,"date":"2026-04-23T12:18:32","date_gmt":"2026-04-23T10:18:32","guid":{"rendered":"http:\/\/reliancescommunes.fr\/?page_id=6"},"modified":"2026-04-23T12:26:49","modified_gmt":"2026-04-23T10:26:49","slug":"accueil","status":"publish","type":"page","link":"https:\/\/reliancescommunes.fr\/","title":{"rendered":"Page d\u2019accueil temporaire"},"content":{"rendered":"\n<figure class=\"wp-block-image size-large\"><img loading=\"lazy\" decoding=\"async\" width=\"1024\" height=\"899\" src=\"http:\/\/reliancescommunes.fr\/wp-content\/uploads\/2026\/04\/logo_20260307-1024x899.jpg\" alt=\"\" class=\"wp-image-8\" srcset=\"https:\/\/reliancescommunes.fr\/wp-content\/uploads\/2026\/04\/logo_20260307-1024x899.jpg 1024w, https:\/\/reliancescommunes.fr\/wp-content\/uploads\/2026\/04\/logo_20260307-300x263.jpg 300w, https:\/\/reliancescommunes.fr\/wp-content\/uploads\/2026\/04\/logo_20260307-768x674.jpg 768w, https:\/\/reliancescommunes.fr\/wp-content\/uploads\/2026\/04\/logo_20260307-1536x1349.jpg 1536w, https:\/\/reliancescommunes.fr\/wp-content\/uploads\/2026\/04\/logo_20260307.jpg 1733w\" sizes=\"auto, (max-width: 1024px) 100vw, 1024px\" \/><\/figure>\n\n\n\n<p><\/p>\n\n\n\n<p><strong>M\u00e9lanie Hocquel<\/strong><br><em>Facilitatrice territoriale<\/em><br><em>Conceptrice en d\u00e9marches participatives<\/em><\/p>\n\n\n\n<p>Reliances Communes accompagne les collectivit\u00e9s dans la conception de d\u00e9marches participatives, le dialogue avec les habitants et l\u2019\u00e9mergence de projets ancr\u00e9s dans les r\u00e9alit\u00e9s locales.<\/p>\n\n\n\n<p><strong>Site en construction<\/strong><\/p>\n\n\n\n<p><strong>Contact<\/strong><br><a>melanie.hocquel@reliancescommunes.fr<\/a><br>07 81 14 79 69<\/p>\n\n\n\n<p>Site en construction<\/p>\n\n\n\n<p>Une premi\u00e8re version du site sera prochainement mise en ligne.<\/p>\n","protected":false},"excerpt":{"rendered":"<p>M\u00e9lanie HocquelFacilitatrice territorialeConceptrice en d\u00e9marches participatives Reliances Communes accompagne les collectivit\u00e9s dans la conception de d\u00e9marches participatives, le dialogue avec les habitants et l\u2019\u00e9mergence de projets ancr\u00e9s dans les r\u00e9alit\u00e9s locales. Site en construction Contactmelanie.hocquel@reliancescommunes.fr07 81 14 79 69 Site en construction Une premi\u00e8re version du site sera prochainement mise en ligne.<\/p>\n","protected":false},"author":1,"featured_media":0,"parent":0,"menu_order":0,"comment_status":"closed","ping_status":"closed","template":"","meta":{"footnotes":""},"class_list":["post-6","page","type-page","status-publish","hentry"],"_links":{"self":[{"href":"https:\/\/reliancescommunes.fr\/index.php\/wp-json\/wp\/v2\/pages\/6","targetHints":{"allow":["GET"]}}],"collection":[{"href":"https:\/\/reliancescommunes.fr\/index.php\/wp-json\/wp\/v2\/pages"}],"about":[{"href":"https:\/\/reliancescommunes.fr\/index.php\/wp-json\/wp\/v2\/types\/page"}],"author":[{"embeddable":true,"href":"https:\/\/reliancescommunes.fr\/index.php\/wp-json\/wp\/v2\/users\/1"}],"replies":[{"embeddable":true,"href":"https:\/\/reliancescommunes.fr\/index.php\/wp-json\/wp\/v2\/comments?post=6"}],"version-history":[{"count":3,"href":"https:\/\/reliancescommunes.fr\/index.php\/wp-json\/wp\/v2\/pages\/6\/revisions"}],"predecessor-version":[{"id":13,"href":"https:\/\/reliancescommunes.fr\/index.php\/wp-json\/wp\/v2\/pages\/6\/revisions\/13"}],"wp:attachment":[{"href":"https:\/\/reliancescommunes.fr\/index.php\/wp-json\/wp\/v2\/media?parent=6"}],"curies":[{"name":"wp","href":"https:\/\/api.w.org\/{rel}","templated":true}]}}